{"id":3816,"date":"2024-01-18T16:47:47","date_gmt":"2024-01-18T16:47:47","guid":{"rendered":"https:\/\/bellevue.bellevueong.org\/?page_id=3816"},"modified":"2024-01-18T17:00:39","modified_gmt":"2024-01-18T17:00:39","slug":"education-formation-et-employabilite","status":"publish","type":"page","link":"https:\/\/bellevue.bellevueong.org\/?page_id=3816","title":{"rendered":"Education, formation et employabilit\u00e9"},"content":{"rendered":"\t\t<div data-elementor-type=\"wp-page\" data-elementor-id=\"3816\" class=\"elementor elementor-3816\">\n\t\t\t\t\t\t\t\t\t<section class=\"has_eae_slider elementor-section elementor-top-section elementor-element elementor-element-5d4fc2f1 elementor-section-full_width elementor-section-height-min-height elementor-section-height-default elementor-section-items-middle\" data-id=\"5d4fc2f1\" data-element_type=\"section\" data-settings=\"{&quot;background_background&quot;:&quot;classic&quot;}\">\n\t\t\t\t\t\t<div class=\"elementor-container elementor-column-gap-default\">\n\t\t\t\t\t<div class=\"has_eae_slider elementor-column elementor-col-100 elementor-top-column elementor-element elementor-element-3bb192e6\" data-id=\"3bb192e6\" data-element_type=\"column\">\n\t\t\t<div class=\"elementor-widget-wrap elementor-element-populated\">\n\t\t\t\t\t\t\t\t<div class=\"elementor-element elementor-element-525ba81 elementor-widget elementor-widget-heading\" data-id=\"525ba81\" data-element_type=\"widget\" data-widget_type=\"heading.default\">\n\t\t\t\t<div class=\"elementor-widget-container\">\n\t\t\t<style>\/*! elementor - v3.18.0 - 20-12-2023 *\/\n.elementor-heading-title{padding:0;margin:0;line-height:1}.elementor-widget-heading .elementor-heading-title[class*=elementor-size-]>a{color:inherit;font-size:inherit;line-height:inherit}.elementor-widget-heading .elementor-heading-title.elementor-size-small{font-size:15px}.elementor-widget-heading .elementor-heading-title.elementor-size-medium{font-size:19px}.elementor-widget-heading .elementor-heading-title.elementor-size-large{font-size:29px}.elementor-widget-heading .elementor-heading-title.elementor-size-xl{font-size:39px}.elementor-widget-heading .elementor-heading-title.elementor-size-xxl{font-size:59px}<\/style><h2 class=\"elementor-heading-title elementor-size-default\">\u00c9ducation, formation et employabilit\u00e9<\/h2>\t\t<\/div>\n\t\t\t\t<\/div>\n\t\t\t\t\t<\/div>\n\t\t<\/div>\n\t\t\t\t\t\t\t<\/div>\n\t\t<\/section>\n\t\t\t\t<section class=\"has_eae_slider elementor-section elementor-top-section elementor-element elementor-element-1aecb57f elementor-section-boxed elementor-section-height-default elementor-section-height-default\" data-id=\"1aecb57f\" data-element_type=\"section\">\n\t\t\t\t\t\t<div class=\"elementor-container elementor-column-gap-default\">\n\t\t\t\t\t<div class=\"has_eae_slider elementor-column elementor-col-50 elementor-top-column elementor-element elementor-element-301d11e1\" data-id=\"301d11e1\" data-element_type=\"column\">\n\t\t\t<div class=\"elementor-widget-wrap elementor-element-populated\">\n\t\t\t\t\t\t\t\t<div class=\"elementor-element elementor-element-1dc8f681 elementor-widget elementor-widget-heading\" data-id=\"1dc8f681\" data-element_type=\"widget\" data-widget_type=\"heading.default\">\n\t\t\t\t<div class=\"elementor-widget-container\">\n\t\t\t<h2 class=\"elementor-heading-title elementor-size-default\">1. Promouvoir le droit \u00e0 l\u2019\u00e9ducation des enfants \u00e0 travers tout le B\u00e9nin gr\u00e2ce \u00e0 des initiatives solidaires.<\/h2>\t\t<\/div>\n\t\t\t\t<\/div>\n\t\t\t\t<div class=\"elementor-element elementor-element-6fcb1b75 elementor-widget elementor-widget-text-editor\" data-id=\"6fcb1b75\" data-element_type=\"widget\" data-widget_type=\"text-editor.default\">\n\t\t\t\t<div class=\"elementor-widget-container\">\n\t\t\t<style>\/*! elementor - v3.18.0 - 20-12-2023 *\/\n.elementor-widget-text-editor.elementor-drop-cap-view-stacked .elementor-drop-cap{background-color:#69727d;color:#fff}.elementor-widget-text-editor.elementor-drop-cap-view-framed .elementor-drop-cap{color:#69727d;border:3px solid;background-color:transparent}.elementor-widget-text-editor:not(.elementor-drop-cap-view-default) .elementor-drop-cap{margin-top:8px}.elementor-widget-text-editor:not(.elementor-drop-cap-view-default) .elementor-drop-cap-letter{width:1em;height:1em}.elementor-widget-text-editor .elementor-drop-cap{float:left;text-align:center;line-height:1;font-size:50px}.elementor-widget-text-editor .elementor-drop-cap-letter{display:inline-block}<\/style>\t\t\t\t<p>Nous soutenons l\u2019\u00e9ducation primaire, secondaire et universitaire des enfants et jeunes issus des couches vuln\u00e9rables de la soci\u00e9t\u00e9. Gr\u00e2ce \u00e0 des parrainages, des enfants et jeunes qui ne peuvent pas aller \u00e0 l\u2019\u00e9cole ou qui ne sont pas \u00e0 m\u00eame de poursuivre les \u00e9tudes, ont de nouvelles possibilit\u00e9s de fr\u00e9quenter des \u00e9coles de qualit\u00e9 pour avoir les m\u00eames chances que tous les autres enfants en termes d\u2019\u00e9ducation.<\/p>\t\t\t\t\t\t<\/div>\n\t\t\t\t<\/div>\n\t\t\t\t<div class=\"elementor-element elementor-element-566ac3a4 elementor-widget elementor-widget-heading\" data-id=\"566ac3a4\" data-element_type=\"widget\" data-widget_type=\"heading.default\">\n\t\t\t\t<div class=\"elementor-widget-container\">\n\t\t\t<h2 class=\"elementor-heading-title elementor-size-default\">2. G\u00e9rer des infrastructures scolaires et acad\u00e9miques (\u00e9coles Bellevue). <\/h2>\t\t<\/div>\n\t\t\t\t<\/div>\n\t\t\t\t<div class=\"elementor-element elementor-element-6bacecb9 elementor-widget elementor-widget-text-editor\" data-id=\"6bacecb9\" data-element_type=\"widget\" data-widget_type=\"text-editor.default\">\n\t\t\t\t<div class=\"elementor-widget-container\">\n\t\t\t\t\t\t\t<p>Nous g\u00e9rons des \u00e9coles labelis\u00e9es \u00ab\u00a0Bellevue\u00a0\u00bb caract\u00e9ris\u00e9es par le respect des droits de l\u2019enfant, le renforcement des devoirs des enfants et une bonne qualit\u00e9 de la prise en charge. Des promoteurs d\u2019\u00e9coles peuvent nous confier leur \u00e9tablissement que nous allons g\u00e9rer sur la base d\u2019accords de partenariat. Dans les \u00e9coles labelis\u00e9es \u00ab\u00a0Bellevue\u00a0\u00bb, nous nous assurons que les enfants issus de couches d\u00e9favoris\u00e9es b\u00e9n\u00e9ficient de bourses pour poursuivre leurs \u00e9tudes. Des parrains vivant au B\u00e9nin et un peu partout dans le monde financent ainsi l\u2019\u00e9ducation des enfants concern\u00e9s.<\/p>\t\t\t\t\t\t<\/div>\n\t\t\t\t<\/div>\n\t\t\t\t<div class=\"elementor-element elementor-element-39a2b60c elementor-widget elementor-widget-heading\" data-id=\"39a2b60c\" data-element_type=\"widget\" data-widget_type=\"heading.default\">\n\t\t\t\t<div class=\"elementor-widget-container\">\n\t\t\t<h2 class=\"elementor-heading-title elementor-size-default\">3. G\u00e9rer un syst\u00e8me de parrainage en faveur des enfants et de leur communaut\u00e9.<\/h2>\t\t<\/div>\n\t\t\t\t<\/div>\n\t\t\t\t<div class=\"elementor-element elementor-element-2c1b62d1 elementor-widget elementor-widget-text-editor\" data-id=\"2c1b62d1\" data-element_type=\"widget\" data-widget_type=\"text-editor.default\">\n\t\t\t\t<div class=\"elementor-widget-container\">\n\t\t\t\t\t\t\t<p>Bellevue ONG a mis en place un programme de solidarit\u00e9 qui permet aux personnes de bonne volont\u00e9 du B\u00e9nin et d\u2019ailleurs de soutenir les enfants et les femmes qui ont besoin d\u2019un coup de pouce pour r\u00e9ussir leur \u00e9ducation, leur formation et\/ou leur insertion professionnelle. Nous avons des parrains dans notre base de donn\u00e9es\u00a0; les enfants et femmes enregistr\u00e9s dans nos programmes sont assign\u00e9s aux parrains selon le type de participants que ces parrains souhaitent soutenir. Bellevue ONG sert d\u2019interm\u00e9diaire entre ces deux parties prenantes. Si vous \u00eates int\u00e9ress\u00e9s \u00e0 parrainer les participants \u00e0 nos programmes, n\u2019h\u00e9sitez pas \u00e0 nous contacter.<\/p>\t\t\t\t\t\t<\/div>\n\t\t\t\t<\/div>\n\t\t\t\t<div class=\"elementor-element elementor-element-3d629371 elementor-widget elementor-widget-heading\" data-id=\"3d629371\" data-element_type=\"widget\" data-widget_type=\"heading.default\">\n\t\t\t\t<div class=\"elementor-widget-container\">\n\t\t\t<h2 class=\"elementor-heading-title elementor-size-default\">4. \u0152uvrer pour le renforcement du pouvoir \u00e9conomique des femmes.<\/h2>\t\t<\/div>\n\t\t\t\t<\/div>\n\t\t\t\t<div class=\"elementor-element elementor-element-1f9ab7d7 elementor-widget elementor-widget-text-editor\" data-id=\"1f9ab7d7\" data-element_type=\"widget\" data-widget_type=\"text-editor.default\">\n\t\t\t\t<div class=\"elementor-widget-container\">\n\t\t\t\t\t\t\t<p>Pour la femme b\u00e9ninoise, la capacit\u00e9 \u00e0 se constituer un revenu, jouer un r\u00f4le \u00e9conomique \u00e0 l\u2019ext\u00e9rieur de la famille, l\u2019acc\u00e8s \u00e0 l\u2019\u00e9ducation et les droits de propri\u00e9t\u00e9 ont au moins un trait en commun : Ils contribuent \u00e0 rendre audible sa voix\u00a0; ils lui conf\u00e8rent une certaine ind\u00e9pendance. C\u2019est pourquoi, Bellevue ONG fait en sorte que les femmes se d\u00e9veloppent \u00e9conomiquement. Le renforcement du pouvoir \u00e9conomique des femmes participant \u00e0 notre programme d\u00e9pend de la capacit\u00e9 des personnes de se prendre en charge et d\u2019influencer les d\u00e9cisions qui concernent leurs conditions et leur qualit\u00e9 de vie. \u00a0<\/p>\t\t\t\t\t\t<\/div>\n\t\t\t\t<\/div>\n\t\t\t\t<div class=\"elementor-element elementor-element-5276c621 elementor-widget elementor-widget-heading\" data-id=\"5276c621\" data-element_type=\"widget\" data-widget_type=\"heading.default\">\n\t\t\t\t<div class=\"elementor-widget-container\">\n\t\t\t<h2 class=\"elementor-heading-title elementor-size-default\">5. Renforcer l\u2019employabilit\u00e9 des femmes et des jeunes.<\/h2>\t\t<\/div>\n\t\t\t\t<\/div>\n\t\t\t\t<div class=\"elementor-element elementor-element-7f613420 elementor-widget elementor-widget-text-editor\" data-id=\"7f613420\" data-element_type=\"widget\" data-widget_type=\"text-editor.default\">\n\t\t\t\t<div class=\"elementor-widget-container\">\n\t\t\t\t\t\t\t<p>Nous mettons en \u0153uvre des partenariats multiples avec des entreprises et d\u2019autres organisations afin de nous assurer que les jeunes issus des couches vuln\u00e9rables de la soci\u00e9t\u00e9 ont acc\u00e8s \u00e0 des emplois pour vivre d\u00e9cemment dans la soci\u00e9t\u00e9. Les jeunes et les femmes participants \u00e0 nos programmes font des stages, sont soutenus pour cr\u00e9er leurs entreprises ou m\u00e8nent des activit\u00e9s g\u00e9n\u00e9ratrices de revenus.\u00a0<\/p>\t\t\t\t\t\t<\/div>\n\t\t\t\t<\/div>\n\t\t\t\t\t<\/div>\n\t\t<\/div>\n\t\t\t\t<div class=\"has_eae_slider elementor-column elementor-col-50 elementor-top-column elementor-element elementor-element-1b58e67e\" data-id=\"1b58e67e\" data-element_type=\"column\">\n\t\t\t<div class=\"elementor-widget-wrap elementor-element-populated\">\n\t\t\t\t\t\t\t\t<div class=\"elementor-element elementor-element-1a94ab26 elementor-widget elementor-widget-image\" data-id=\"1a94ab26\" data-element_type=\"widget\" data-widget_type=\"image.default\">\n\t\t\t\t<div class=\"elementor-widget-container\">\n\t\t\t<style>\/*! elementor - v3.18.0 - 20-12-2023 *\/\n.elementor-widget-image{text-align:center}.elementor-widget-image a{display:inline-block}.elementor-widget-image a img[src$=\".svg\"]{width:48px}.elementor-widget-image img{vertical-align:middle;display:inline-block}<\/style>\t\t\t\t\t\t\t\t\t\t\t\t<img fetchpriority=\"high\" decoding=\"async\" width=\"540\" height=\"960\" src=\"https:\/\/bellevue.bellevueong.org\/wp-content\/uploads\/2024\/01\/IMG-20230602-WA0010-1.jpg\" class=\"attachment-large size-large wp-image-3751\" alt=\"\" srcset=\"https:\/\/bellevue.bellevueong.org\/wp-content\/uploads\/2024\/01\/IMG-20230602-WA0010-1.jpg 540w, https:\/\/bellevue.bellevueong.org\/wp-content\/uploads\/2024\/01\/IMG-20230602-WA0010-1-169x300.jpg 169w\" sizes=\"(max-width: 540px) 100vw, 540px\" \/>\t\t\t\t\t\t\t\t\t\t\t\t\t\t\t<\/div>\n\t\t\t\t<\/div>\n\t\t\t\t<div class=\"elementor-element elementor-element-5b32b7c9 elementor-widget elementor-widget-image\" data-id=\"5b32b7c9\" data-element_type=\"widget\" data-widget_type=\"image.default\">\n\t\t\t\t<div class=\"elementor-widget-container\">\n\t\t\t\t\t\t\t\t\t\t\t\t\t\t\t<img decoding=\"async\" width=\"540\" height=\"960\" src=\"https:\/\/bellevue.bellevueong.org\/wp-content\/uploads\/2024\/01\/IMG-20230602-WA0014.jpg\" class=\"attachment-large size-large wp-image-3748\" alt=\"\" srcset=\"https:\/\/bellevue.bellevueong.org\/wp-content\/uploads\/2024\/01\/IMG-20230602-WA0014.jpg 540w, https:\/\/bellevue.bellevueong.org\/wp-content\/uploads\/2024\/01\/IMG-20230602-WA0014-169x300.jpg 169w\" sizes=\"(max-width: 540px) 100vw, 540px\" \/>\t\t\t\t\t\t\t\t\t\t\t\t\t\t\t<\/div>\n\t\t\t\t<\/div>\n\t\t\t\t\t<\/div>\n\t\t<\/div>\n\t\t\t\t\t\t\t<\/div>\n\t\t<\/section>\n\t\t\t\t<section class=\"has_eae_slider elementor-section elementor-top-section elementor-element elementor-element-7bb69caa elementor-section-full_width elementor-section-height-min-height elementor-section-content-middle elementor-section-height-default elementor-section-items-middle\" data-id=\"7bb69caa\" data-element_type=\"section\" data-settings=\"{&quot;background_background&quot;:&quot;classic&quot;}\">\n\t\t\t\t\t\t<div class=\"elementor-container elementor-column-gap-default\">\n\t\t\t\t\t<div class=\"has_eae_slider elementor-column elementor-col-100 elementor-top-column elementor-element elementor-element-a77e99\" data-id=\"a77e99\" data-element_type=\"column\" data-settings=\"{&quot;background_background&quot;:&quot;classic&quot;}\">\n\t\t\t<div class=\"elementor-widget-wrap elementor-element-populated\">\n\t\t\t\t\t\t\t\t<div class=\"elementor-element elementor-element-4e107606 elementor-widget elementor-widget-heading\" data-id=\"4e107606\" data-element_type=\"widget\" data-widget_type=\"heading.default\">\n\t\t\t\t<div class=\"elementor-widget-container\">\n\t\t\t<h2 class=\"elementor-heading-title elementor-size-default\">Faites un don <\/h2>\t\t<\/div>\n\t\t\t\t<\/div>\n\t\t\t\t<section class=\"has_eae_slider elementor-section elementor-inner-section elementor-element elementor-element-110679ff elementor-section-height-min-height elementor-section-boxed elementor-section-height-default\" data-id=\"110679ff\" data-element_type=\"section\">\n\t\t\t\t\t\t<div class=\"elementor-container elementor-column-gap-default\">\n\t\t\t\t\t<div class=\"has_eae_slider elementor-column elementor-col-100 elementor-inner-column elementor-element elementor-element-5ae15da9\" data-id=\"5ae15da9\" data-element_type=\"column\">\n\t\t\t<div class=\"elementor-widget-wrap elementor-element-populated\">\n\t\t\t\t\t\t\t\t<div class=\"elementor-element elementor-element-13f87854 elementor-widget__width-initial elementor-widget elementor-widget-heading\" data-id=\"13f87854\" data-element_type=\"widget\" data-widget_type=\"heading.default\">\n\t\t\t\t<div class=\"elementor-widget-container\">\n\t\t\t<h2 class=\"elementor-heading-title elementor-size-default\">Je soutiens les actions de Bellevue ong<br> pour la protection de l'environnement.<\/h2>\t\t<\/div>\n\t\t\t\t<\/div>\n\t\t\t\t\t<\/div>\n\t\t<\/div>\n\t\t\t\t\t\t\t<\/div>\n\t\t<\/section>\n\t\t\t\t<div class=\"elementor-element elementor-element-26610124 elementor-align-center elementor-widget elementor-widget-button\" data-id=\"26610124\" data-element_type=\"widget\" data-widget_type=\"button.default\">\n\t\t\t\t<div class=\"elementor-widget-container\">\n\t\t\t\t\t<div class=\"elementor-button-wrapper\">\n\t\t\t<a class=\"elementor-button elementor-button-link elementor-size-sm\" href=\"#\">\n\t\t\t\t\t\t<span class=\"elementor-button-content-wrapper\">\n\t\t\t\t\t\t<span class=\"elementor-button-text\">JE FAIS UN DON<\/span>\n\t\t<\/span>\n\t\t\t\t\t<\/a>\n\t\t<\/div>\n\t\t\t\t<\/div>\n\t\t\t\t<\/div>\n\t\t\t\t\t<\/div>\n\t\t<\/div>\n\t\t\t\t\t\t\t<\/div>\n\t\t<\/section>\n\t\t\t\t\t\t\t<\/div>\n\t\t","protected":false},"excerpt":{"rendered":"<p>\u00c9ducation, formation et employabilit\u00e9 1. Promouvoir le droit \u00e0 l\u2019\u00e9ducation des enfants \u00e0 travers tout le B\u00e9nin gr\u00e2ce \u00e0 des initiatives solidaires. Nous soutenons l\u2019\u00e9ducation primaire, secondaire et universitaire des enfants et jeunes issus des couches vuln\u00e9rables de la soci\u00e9t\u00e9. Gr\u00e2ce \u00e0 des parrainages, des enfants et jeunes qui ne peuvent pas aller \u00e0 l\u2019\u00e9cole [&hellip;]<\/p>\n","protected":false},"author":1,"featured_media":0,"parent":0,"menu_order":0,"comment_status":"closed","ping_status":"closed","template":"","meta":{"_uag_custom_page_level_css":"","site-sidebar-layout":"no-sidebar","site-content-layout":"page-builder","ast-site-content-layout":"full-width-container","site-content-style":"default","site-sidebar-style":"default","ast-global-header-display":"","ast-banner-title-visibility":"","ast-main-header-display":"","ast-hfb-above-header-display":"","ast-hfb-below-header-display":"","ast-hfb-mobile-header-display":"","site-post-title":"disabled","ast-breadcrumbs-content":"","ast-featured-img":"disabled","footer-sml-layout":"","theme-transparent-header-meta":"","adv-header-id-meta":"","stick-header-meta":"","header-above-stick-meta":"","header-main-stick-meta":"","header-below-stick-meta":"","astra-migrate-meta-layouts":"set","ast-page-background-enabled":"default","ast-page-background-meta":{"desktop":{"background-color":"","background-image":"","background-repeat":"repeat","background-position":"center center","background-size":"auto","background-attachment":"scroll","background-type":"","background-media":"","overlay-type":"","overlay-color":"","overlay-gradient":""},"tablet":{"background-color":"","background-image":"","background-repeat":"repeat","background-position":"center center","background-size":"auto","background-attachment":"scroll","background-type":"","background-media":"","overlay-type":"","overlay-color":"","overlay-gradient":""},"mobile":{"background-color":"","background-image":"","background-repeat":"repeat","background-position":"center center","background-size":"auto","background-attachment":"scroll","background-type":"","background-media":"","overlay-type":"","overlay-color":"","overlay-gradient":""}},"ast-content-background-meta":{"desktop":{"background-color":"var(--ast-global-color-5)","background-image":"","background-repeat":"repeat","background-position":"center center","background-size":"auto","background-attachment":"scroll","background-type":"","background-media":"","overlay-type":"","overlay-color":"","overlay-gradient":""},"tablet":{"background-color":"var(--ast-global-color-5)","background-image":"","background-repeat":"repeat","background-position":"center center","background-size":"auto","background-attachment":"scroll","background-type":"","background-media":"","overlay-type":"","overlay-color":"","overlay-gradient":""},"mobile":{"background-color":"var(--ast-global-color-5)","background-image":"","background-repeat":"repeat","background-position":"center center","background-size":"auto","background-attachment":"scroll","background-type":"","background-media":"","overlay-type":"","overlay-color":"","overlay-gradient":""}},"footnotes":""},"uagb_featured_image_src":{"full":false,"thumbnail":false,"medium":false,"medium_large":false,"large":false,"1536x1536":false,"2048x2048":false},"uagb_author_info":{"display_name":"salimane.issifou","author_link":"https:\/\/bellevue.bellevueong.org\/?author=1"},"uagb_comment_info":0,"uagb_excerpt":"\u00c9ducation, formation et employabilit\u00e9 1. Promouvoir le droit \u00e0 l\u2019\u00e9ducation des enfants \u00e0 travers tout le B\u00e9nin gr\u00e2ce \u00e0 des initiatives solidaires. Nous soutenons l\u2019\u00e9ducation primaire, secondaire et universitaire des enfants et jeunes issus des couches vuln\u00e9rables de la soci\u00e9t\u00e9. Gr\u00e2ce \u00e0 des parrainages, des enfants et jeunes qui ne peuvent pas aller \u00e0 l\u2019\u00e9cole&hellip;","_links":{"self":[{"href":"https:\/\/bellevue.bellevueong.org\/index.php?rest_route=\/wp\/v2\/pages\/3816"}],"collection":[{"href":"https:\/\/bellevue.bellevueong.org\/index.php?rest_route=\/wp\/v2\/pages"}],"about":[{"href":"https:\/\/bellevue.bellevueong.org\/index.php?rest_route=\/wp\/v2\/types\/page"}],"author":[{"embeddable":true,"href":"https:\/\/bellevue.bellevueong.org\/index.php?rest_route=\/wp\/v2\/users\/1"}],"replies":[{"embeddable":true,"href":"https:\/\/bellevue.bellevueong.org\/index.php?rest_route=%2Fwp%2Fv2%2Fcomments&post=3816"}],"version-history":[{"count":7,"href":"https:\/\/bellevue.bellevueong.org\/index.php?rest_route=\/wp\/v2\/pages\/3816\/revisions"}],"predecessor-version":[{"id":3825,"href":"https:\/\/bellevue.bellevueong.org\/index.php?rest_route=\/wp\/v2\/pages\/3816\/revisions\/3825"}],"wp:attachment":[{"href":"https:\/\/bellevue.bellevueong.org\/index.php?rest_route=%2Fwp%2Fv2%2Fmedia&parent=3816"}],"curies":[{"name":"wp","href":"https:\/\/api.w.org\/{rel}","templated":true}]}}