{"id":3804,"date":"2024-01-18T16:24:25","date_gmt":"2024-01-18T16:24:25","guid":{"rendered":"https:\/\/bellevue.bellevueong.org\/?page_id=3804"},"modified":"2024-01-18T16:28:33","modified_gmt":"2024-01-18T16:28:33","slug":"droit-a-la-sante","status":"publish","type":"page","link":"https:\/\/bellevue.bellevueong.org\/?page_id=3804","title":{"rendered":"Droit \u00e0 la sant\u00e9"},"content":{"rendered":"\t\t<div data-elementor-type=\"wp-page\" data-elementor-id=\"3804\" class=\"elementor elementor-3804\">\n\t\t\t\t\t\t\t\t\t<section class=\"has_eae_slider elementor-section elementor-top-section elementor-element elementor-element-32f10ad2 elementor-section-full_width elementor-section-height-min-height elementor-section-height-default elementor-section-items-middle\" data-id=\"32f10ad2\" data-element_type=\"section\" data-settings=\"{&quot;background_background&quot;:&quot;classic&quot;}\">\n\t\t\t\t\t\t<div class=\"elementor-container elementor-column-gap-default\">\n\t\t\t\t\t<div class=\"has_eae_slider elementor-column elementor-col-100 elementor-top-column elementor-element elementor-element-5df25eca\" data-id=\"5df25eca\" data-element_type=\"column\">\n\t\t\t<div class=\"elementor-widget-wrap elementor-element-populated\">\n\t\t\t\t\t\t\t\t<div class=\"elementor-element elementor-element-327c7606 elementor-widget elementor-widget-heading\" data-id=\"327c7606\" data-element_type=\"widget\" data-widget_type=\"heading.default\">\n\t\t\t\t<div class=\"elementor-widget-container\">\n\t\t\t<style>\/*! elementor - v3.18.0 - 20-12-2023 *\/\n.elementor-heading-title{padding:0;margin:0;line-height:1}.elementor-widget-heading .elementor-heading-title[class*=elementor-size-]>a{color:inherit;font-size:inherit;line-height:inherit}.elementor-widget-heading .elementor-heading-title.elementor-size-small{font-size:15px}.elementor-widget-heading .elementor-heading-title.elementor-size-medium{font-size:19px}.elementor-widget-heading .elementor-heading-title.elementor-size-large{font-size:29px}.elementor-widget-heading .elementor-heading-title.elementor-size-xl{font-size:39px}.elementor-widget-heading .elementor-heading-title.elementor-size-xxl{font-size:59px}<\/style><h2 class=\"elementor-heading-title elementor-size-default\">droit \u00e0 la sant\u00e9<\/h2>\t\t<\/div>\n\t\t\t\t<\/div>\n\t\t\t\t\t<\/div>\n\t\t<\/div>\n\t\t\t\t\t\t\t<\/div>\n\t\t<\/section>\n\t\t\t\t<section class=\"has_eae_slider elementor-section elementor-top-section elementor-element elementor-element-7284ddee elementor-section-boxed elementor-section-height-default elementor-section-height-default\" data-id=\"7284ddee\" data-element_type=\"section\">\n\t\t\t\t\t\t<div class=\"elementor-container elementor-column-gap-default\">\n\t\t\t\t\t<div class=\"has_eae_slider elementor-column elementor-col-50 elementor-top-column elementor-element elementor-element-229cdc4a\" data-id=\"229cdc4a\" data-element_type=\"column\">\n\t\t\t<div class=\"elementor-widget-wrap elementor-element-populated\">\n\t\t\t\t\t\t\t\t<div class=\"elementor-element elementor-element-3bd7013b elementor-widget elementor-widget-heading\" data-id=\"3bd7013b\" data-element_type=\"widget\" data-widget_type=\"heading.default\">\n\t\t\t\t<div class=\"elementor-widget-container\">\n\t\t\t<h2 class=\"elementor-heading-title elementor-size-default\">Promouvoir le droit \u00e0 la sant\u00e9 en faveur des couches d\u00e9favoris\u00e9es.<\/h2>\t\t<\/div>\n\t\t\t\t<\/div>\n\t\t\t\t<div class=\"elementor-element elementor-element-56d175c1 elementor-widget elementor-widget-text-editor\" data-id=\"56d175c1\" data-element_type=\"widget\" data-widget_type=\"text-editor.default\">\n\t\t\t\t<div class=\"elementor-widget-container\">\n\t\t\t<style>\/*! elementor - v3.18.0 - 20-12-2023 *\/\n.elementor-widget-text-editor.elementor-drop-cap-view-stacked .elementor-drop-cap{background-color:#69727d;color:#fff}.elementor-widget-text-editor.elementor-drop-cap-view-framed .elementor-drop-cap{color:#69727d;border:3px solid;background-color:transparent}.elementor-widget-text-editor:not(.elementor-drop-cap-view-default) .elementor-drop-cap{margin-top:8px}.elementor-widget-text-editor:not(.elementor-drop-cap-view-default) .elementor-drop-cap-letter{width:1em;height:1em}.elementor-widget-text-editor .elementor-drop-cap{float:left;text-align:center;line-height:1;font-size:50px}.elementor-widget-text-editor .elementor-drop-cap-letter{display:inline-block}<\/style>\t\t\t\t<p>Le \u00ab droit de jouir du meilleur \u00e9tat de sant\u00e9 possible \u00bb implique que soient r\u00e9unis un ensemble de crit\u00e8res sociaux favorables \u00e0 l\u2019\u00e9tat de sant\u00e9 de tous, notamment la disponibilit\u00e9 de services de sant\u00e9, des conditions de travail sans risque, des logements appropri\u00e9s et des aliments nutritifs. La r\u00e9alisation du droit \u00e0 la sant\u00e9 est \u00e9troitement li\u00e9e \u00e0 la r\u00e9alisation des autres droits de l\u2019homme, notamment le droit \u00e0 l\u2019alimentation, au logement, au travail, \u00e0 l\u2019\u00e9ducation, \u00e0 la non-discrimination, \u00e0 l\u2019acc\u00e8s \u00e0 l\u2019information et \u00e0 la participation.<\/p><p>Malheureusement, les groupes vuln\u00e9rables et en marge de la soci\u00e9t\u00e9, notamment les orphelins et enfants vuln\u00e9rables (OEV), les femmes en difficult\u00e9s, sont souvent moins susceptibles de jouir du droit \u00e0 la sant\u00e9. Trois des maladies transmissibles les plus meurtri\u00e8res au monde, le paludisme, le VIH\/Sida et la tuberculose, touchent de fa\u00e7on disproportionn\u00e9e les populations les plus pauvres du B\u00e9nin, ce qui p\u00e8se lourdement sur l\u2019\u00e9conomie du pays.<\/p><p>Gr\u00e2ce \u00e0 l\u2019approche bas\u00e9e sur les droits que nous mettons en \u0153uvre, nous affrontons et tentons de rectifier les in\u00e9galit\u00e9s, les pratiques discriminatoires et les rapports de force injustes, qui sont souvent au c\u0153ur de l\u2019in\u00e9galit\u00e9 dans la prise en charge m\u00e9dicale. Nous faisons en sorte que les couches vuln\u00e9rables de la soci\u00e9t\u00e9 puissent avoir des soins de sant\u00e9 de qualit\u00e9 et quelques fois gratuitement.<\/p>\t\t\t\t\t\t<\/div>\n\t\t\t\t<\/div>\n\t\t\t\t\t<\/div>\n\t\t<\/div>\n\t\t\t\t<div class=\"has_eae_slider elementor-column elementor-col-50 elementor-top-column elementor-element elementor-element-1bdbc176\" data-id=\"1bdbc176\" data-element_type=\"column\">\n\t\t\t<div class=\"elementor-widget-wrap elementor-element-populated\">\n\t\t\t\t\t\t\t\t<div class=\"elementor-element elementor-element-6ec81d5a elementor-widget elementor-widget-image\" data-id=\"6ec81d5a\" data-element_type=\"widget\" data-widget_type=\"image.default\">\n\t\t\t\t<div class=\"elementor-widget-container\">\n\t\t\t<style>\/*! elementor - v3.18.0 - 20-12-2023 *\/\n.elementor-widget-image{text-align:center}.elementor-widget-image a{display:inline-block}.elementor-widget-image a img[src$=\".svg\"]{width:48px}.elementor-widget-image img{vertical-align:middle;display:inline-block}<\/style>\t\t\t\t\t\t\t\t\t\t\t\t<img fetchpriority=\"high\" decoding=\"async\" width=\"540\" height=\"960\" src=\"https:\/\/bellevue.bellevueong.org\/wp-content\/uploads\/2024\/01\/IMG-20230602-WA0014-1.jpg\" class=\"attachment-large size-large wp-image-3749\" alt=\"\" srcset=\"https:\/\/bellevue.bellevueong.org\/wp-content\/uploads\/2024\/01\/IMG-20230602-WA0014-1.jpg 540w, https:\/\/bellevue.bellevueong.org\/wp-content\/uploads\/2024\/01\/IMG-20230602-WA0014-1-169x300.jpg 169w\" sizes=\"(max-width: 540px) 100vw, 540px\" \/>\t\t\t\t\t\t\t\t\t\t\t\t\t\t\t<\/div>\n\t\t\t\t<\/div>\n\t\t\t\t\t<\/div>\n\t\t<\/div>\n\t\t\t\t\t\t\t<\/div>\n\t\t<\/section>\n\t\t\t\t<section class=\"has_eae_slider elementor-section elementor-top-section elementor-element elementor-element-5f1c8d8d elementor-section-full_width elementor-section-height-min-height elementor-section-content-middle elementor-section-height-default elementor-section-items-middle\" data-id=\"5f1c8d8d\" data-element_type=\"section\" data-settings=\"{&quot;background_background&quot;:&quot;classic&quot;}\">\n\t\t\t\t\t\t<div class=\"elementor-container elementor-column-gap-default\">\n\t\t\t\t\t<div class=\"has_eae_slider elementor-column elementor-col-100 elementor-top-column elementor-element elementor-element-278317a4\" data-id=\"278317a4\" data-element_type=\"column\" data-settings=\"{&quot;background_background&quot;:&quot;classic&quot;}\">\n\t\t\t<div class=\"elementor-widget-wrap elementor-element-populated\">\n\t\t\t\t\t\t\t\t<div class=\"elementor-element elementor-element-792a0595 elementor-widget elementor-widget-heading\" data-id=\"792a0595\" data-element_type=\"widget\" data-widget_type=\"heading.default\">\n\t\t\t\t<div class=\"elementor-widget-container\">\n\t\t\t<h2 class=\"elementor-heading-title elementor-size-default\">Faites un don <\/h2>\t\t<\/div>\n\t\t\t\t<\/div>\n\t\t\t\t<section class=\"has_eae_slider elementor-section elementor-inner-section elementor-element elementor-element-38cec9c9 elementor-section-height-min-height elementor-section-boxed elementor-section-height-default\" data-id=\"38cec9c9\" data-element_type=\"section\">\n\t\t\t\t\t\t<div class=\"elementor-container elementor-column-gap-default\">\n\t\t\t\t\t<div class=\"has_eae_slider elementor-column elementor-col-100 elementor-inner-column elementor-element elementor-element-3b4c1bfe\" data-id=\"3b4c1bfe\" data-element_type=\"column\">\n\t\t\t<div class=\"elementor-widget-wrap elementor-element-populated\">\n\t\t\t\t\t\t\t\t<div class=\"elementor-element elementor-element-14647876 elementor-widget__width-initial elementor-widget elementor-widget-heading\" data-id=\"14647876\" data-element_type=\"widget\" data-widget_type=\"heading.default\">\n\t\t\t\t<div class=\"elementor-widget-container\">\n\t\t\t<h2 class=\"elementor-heading-title elementor-size-default\">Je soutiens les actions de Bellevue ong<br> pour la protection de l'environnement.<\/h2>\t\t<\/div>\n\t\t\t\t<\/div>\n\t\t\t\t\t<\/div>\n\t\t<\/div>\n\t\t\t\t\t\t\t<\/div>\n\t\t<\/section>\n\t\t\t\t<div class=\"elementor-element elementor-element-689bf36f elementor-align-center elementor-widget elementor-widget-button\" data-id=\"689bf36f\" data-element_type=\"widget\" data-widget_type=\"button.default\">\n\t\t\t\t<div class=\"elementor-widget-container\">\n\t\t\t\t\t<div class=\"elementor-button-wrapper\">\n\t\t\t<a class=\"elementor-button elementor-button-link elementor-size-sm\" href=\"#\">\n\t\t\t\t\t\t<span class=\"elementor-button-content-wrapper\">\n\t\t\t\t\t\t<span class=\"elementor-button-text\">JE FAIS UN DON<\/span>\n\t\t<\/span>\n\t\t\t\t\t<\/a>\n\t\t<\/div>\n\t\t\t\t<\/div>\n\t\t\t\t<\/div>\n\t\t\t\t\t<\/div>\n\t\t<\/div>\n\t\t\t\t\t\t\t<\/div>\n\t\t<\/section>\n\t\t\t\t\t\t\t<\/div>\n\t\t","protected":false},"excerpt":{"rendered":"<p>droit \u00e0 la sant\u00e9 Promouvoir le droit \u00e0 la sant\u00e9 en faveur des couches d\u00e9favoris\u00e9es. Le \u00ab droit de jouir du meilleur \u00e9tat de sant\u00e9 possible \u00bb implique que soient r\u00e9unis un ensemble de crit\u00e8res sociaux favorables \u00e0 l\u2019\u00e9tat de sant\u00e9 de tous, notamment la disponibilit\u00e9 de services de sant\u00e9, des conditions de travail sans [&hellip;]<\/p>\n","protected":false},"author":1,"featured_media":0,"parent":0,"menu_order":0,"comment_status":"closed","ping_status":"closed","template":"","meta":{"_uag_custom_page_level_css":"","site-sidebar-layout":"no-sidebar","site-content-layout":"page-builder","ast-site-content-layout":"full-width-container","site-content-style":"default","site-sidebar-style":"default","ast-global-header-display":"","ast-banner-title-visibility":"","ast-main-header-display":"","ast-hfb-above-header-display":"","ast-hfb-below-header-display":"","ast-hfb-mobile-header-display":"","site-post-title":"disabled","ast-breadcrumbs-content":"","ast-featured-img":"disabled","footer-sml-layout":"","theme-transparent-header-meta":"","adv-header-id-meta":"","stick-header-meta":"","header-above-stick-meta":"","header-main-stick-meta":"","header-below-stick-meta":"","astra-migrate-meta-layouts":"set","ast-page-background-enabled":"default","ast-page-background-meta":{"desktop":{"background-color":"","background-image":"","background-repeat":"repeat","background-position":"center center","background-size":"auto","background-attachment":"scroll","background-type":"","background-media":"","overlay-type":"","overlay-color":"","overlay-gradient":""},"tablet":{"background-color":"","background-image":"","background-repeat":"repeat","background-position":"center center","background-size":"auto","background-attachment":"scroll","background-type":"","background-media":"","overlay-type":"","overlay-color":"","overlay-gradient":""},"mobile":{"background-color":"","background-image":"","background-repeat":"repeat","background-position":"center center","background-size":"auto","background-attachment":"scroll","background-type":"","background-media":"","overlay-type":"","overlay-color":"","overlay-gradient":""}},"ast-content-background-meta":{"desktop":{"background-color":"var(--ast-global-color-5)","background-image":"","background-repeat":"repeat","background-position":"center center","background-size":"auto","background-attachment":"scroll","background-type":"","background-media":"","overlay-type":"","overlay-color":"","overlay-gradient":""},"tablet":{"background-color":"var(--ast-global-color-5)","background-image":"","background-repeat":"repeat","background-position":"center center","background-size":"auto","background-attachment":"scroll","background-type":"","background-media":"","overlay-type":"","overlay-color":"","overlay-gradient":""},"mobile":{"background-color":"var(--ast-global-color-5)","background-image":"","background-repeat":"repeat","background-position":"center center","background-size":"auto","background-attachment":"scroll","background-type":"","background-media":"","overlay-type":"","overlay-color":"","overlay-gradient":""}},"footnotes":""},"uagb_featured_image_src":{"full":false,"thumbnail":false,"medium":false,"medium_large":false,"large":false,"1536x1536":false,"2048x2048":false},"uagb_author_info":{"display_name":"salimane.issifou","author_link":"https:\/\/bellevue.bellevueong.org\/?author=1"},"uagb_comment_info":0,"uagb_excerpt":"droit \u00e0 la sant\u00e9 Promouvoir le droit \u00e0 la sant\u00e9 en faveur des couches d\u00e9favoris\u00e9es. Le \u00ab droit de jouir du meilleur \u00e9tat de sant\u00e9 possible \u00bb implique que soient r\u00e9unis un ensemble de crit\u00e8res sociaux favorables \u00e0 l\u2019\u00e9tat de sant\u00e9 de tous, notamment la disponibilit\u00e9 de services de sant\u00e9, des conditions de travail sans&hellip;","_links":{"self":[{"href":"https:\/\/bellevue.bellevueong.org\/index.php?rest_route=\/wp\/v2\/pages\/3804"}],"collection":[{"href":"https:\/\/bellevue.bellevueong.org\/index.php?rest_route=\/wp\/v2\/pages"}],"about":[{"href":"https:\/\/bellevue.bellevueong.org\/index.php?rest_route=\/wp\/v2\/types\/page"}],"author":[{"embeddable":true,"href":"https:\/\/bellevue.bellevueong.org\/index.php?rest_route=\/wp\/v2\/users\/1"}],"replies":[{"embeddable":true,"href":"https:\/\/bellevue.bellevueong.org\/index.php?rest_route=%2Fwp%2Fv2%2Fcomments&post=3804"}],"version-history":[{"count":4,"href":"https:\/\/bellevue.bellevueong.org\/index.php?rest_route=\/wp\/v2\/pages\/3804\/revisions"}],"predecessor-version":[{"id":3809,"href":"https:\/\/bellevue.bellevueong.org\/index.php?rest_route=\/wp\/v2\/pages\/3804\/revisions\/3809"}],"wp:attachment":[{"href":"https:\/\/bellevue.bellevueong.org\/index.php?rest_route=%2Fwp%2Fv2%2Fmedia&parent=3804"}],"curies":[{"name":"wp","href":"https:\/\/api.w.org\/{rel}","templated":true}]}}