{"id":3787,"date":"2024-01-18T16:00:04","date_gmt":"2024-01-18T16:00:04","guid":{"rendered":"https:\/\/bellevue.bellevueong.org\/?page_id=3787"},"modified":"2024-01-18T16:07:44","modified_gmt":"2024-01-18T16:07:44","slug":"notre-mission-et-nos-objectifs","status":"publish","type":"page","link":"https:\/\/bellevue.bellevueong.org\/?page_id=3787","title":{"rendered":"Notre mission et nos objectifs"},"content":{"rendered":"\t\t<div data-elementor-type=\"wp-page\" data-elementor-id=\"3787\" class=\"elementor elementor-3787\">\n\t\t\t\t\t\t\t\t\t<section class=\"has_eae_slider elementor-section elementor-top-section elementor-element elementor-element-1f17ae51 elementor-section-full_width elementor-section-height-min-height elementor-section-height-default elementor-section-items-middle\" data-id=\"1f17ae51\" data-element_type=\"section\" data-settings=\"{&quot;background_background&quot;:&quot;classic&quot;}\">\n\t\t\t\t\t\t<div class=\"elementor-container elementor-column-gap-default\">\n\t\t\t\t\t<div class=\"has_eae_slider elementor-column elementor-col-100 elementor-top-column elementor-element elementor-element-2ad49a66\" data-id=\"2ad49a66\" data-element_type=\"column\">\n\t\t\t<div class=\"elementor-widget-wrap elementor-element-populated\">\n\t\t\t\t\t\t\t\t<div class=\"elementor-element elementor-element-320165ad elementor-widget elementor-widget-heading\" data-id=\"320165ad\" data-element_type=\"widget\" data-widget_type=\"heading.default\">\n\t\t\t\t<div class=\"elementor-widget-container\">\n\t\t\t<style>\/*! elementor - v3.18.0 - 20-12-2023 *\/\n.elementor-heading-title{padding:0;margin:0;line-height:1}.elementor-widget-heading .elementor-heading-title[class*=elementor-size-]>a{color:inherit;font-size:inherit;line-height:inherit}.elementor-widget-heading .elementor-heading-title.elementor-size-small{font-size:15px}.elementor-widget-heading .elementor-heading-title.elementor-size-medium{font-size:19px}.elementor-widget-heading .elementor-heading-title.elementor-size-large{font-size:29px}.elementor-widget-heading .elementor-heading-title.elementor-size-xl{font-size:39px}.elementor-widget-heading .elementor-heading-title.elementor-size-xxl{font-size:59px}<\/style><h2 class=\"elementor-heading-title elementor-size-default\">Notre mission et nos objectifs<\/h2>\t\t<\/div>\n\t\t\t\t<\/div>\n\t\t\t\t\t<\/div>\n\t\t<\/div>\n\t\t\t\t\t\t\t<\/div>\n\t\t<\/section>\n\t\t\t\t<section class=\"has_eae_slider elementor-section elementor-top-section elementor-element elementor-element-777c381 elementor-section-boxed elementor-section-height-default elementor-section-height-default\" data-id=\"777c381\" data-element_type=\"section\">\n\t\t\t\t\t\t<div class=\"elementor-container elementor-column-gap-default\">\n\t\t\t\t\t<div class=\"has_eae_slider elementor-column elementor-col-50 elementor-top-column elementor-element elementor-element-51f5d314\" data-id=\"51f5d314\" data-element_type=\"column\">\n\t\t\t<div class=\"elementor-widget-wrap elementor-element-populated\">\n\t\t\t\t\t\t\t\t<div class=\"elementor-element elementor-element-4a91582 elementor-widget elementor-widget-text-editor\" data-id=\"4a91582\" data-element_type=\"widget\" data-widget_type=\"text-editor.default\">\n\t\t\t\t<div class=\"elementor-widget-container\">\n\t\t\t<style>\/*! elementor - v3.18.0 - 20-12-2023 *\/\n.elementor-widget-text-editor.elementor-drop-cap-view-stacked .elementor-drop-cap{background-color:#69727d;color:#fff}.elementor-widget-text-editor.elementor-drop-cap-view-framed .elementor-drop-cap{color:#69727d;border:3px solid;background-color:transparent}.elementor-widget-text-editor:not(.elementor-drop-cap-view-default) .elementor-drop-cap{margin-top:8px}.elementor-widget-text-editor:not(.elementor-drop-cap-view-default) .elementor-drop-cap-letter{width:1em;height:1em}.elementor-widget-text-editor .elementor-drop-cap{float:left;text-align:center;line-height:1;font-size:50px}.elementor-widget-text-editor .elementor-drop-cap-letter{display:inline-block}<\/style>\t\t\t\t<p><strong>Bellevue ONG<\/strong> a pour mission d&#8217;utiliser les approches transformationnelles en genre pour r\u00e9aliser les droits des enfants, des femmes et des autres couches d\u00e9favoris\u00e9es de la population, et ce dans un environnement sain et durable.<\/p><p>Les objectifs sp\u00e9cifiques de Bellevue ONG sont\u00a0les suivants :<\/p><ul><li>soutenir les enfants dans le cadre de la r\u00e9alisation de leurs droits (\u00e9ducation, sant\u00e9, protection, etc.) gr\u00e2ce au parrainage\u00a0;<\/li><li>appuyer les filles et les femmes \u00e0 travers des activit\u00e9s de renforcement des capacit\u00e9s et du d\u00e9veloppement de leur pouvoir \u00e9conomique\u00a0;<\/li><li>contribuer \u00e0 l\u2019adoption d\u2019enfants en agissant comme une <strong>Organisme Agr\u00e9\u00e9 en Adoption (OAA) <\/strong>en conformit\u00e9 avec les lois en vigueur\u00a0;<\/li><li>g\u00e9rer des infrastructures scolaires et acad\u00e9miques (\u00e9coles Bellevue)\u00a0;<\/li><li>contribuer \u00e0 la lutte contre la traite des personnes \u00e0 travers les quatre piliers (\u00ab 4 P \u00bb) : <em>pr\u00e9vention, protection des droits des victimes, poursuites et partenariats ;<\/em><\/li><li>promouvoir les initiatives communautaires de protection de l\u2019enfant (familles d\u2019accueil, r\u00e9insertion d\u2019enfants, etc.) ;\u00a0<\/li><li>promouvoir le renforcement de la famille ;<\/li><li>contribuer \u00e0 la protection de l\u2019environnement \u00e0 travers une \u00e9cologie responsable et durable.<\/li><\/ul>\t\t\t\t\t\t<\/div>\n\t\t\t\t<\/div>\n\t\t\t\t\t<\/div>\n\t\t<\/div>\n\t\t\t\t<div class=\"has_eae_slider elementor-column elementor-col-50 elementor-top-column elementor-element elementor-element-3e6ee799\" data-id=\"3e6ee799\" data-element_type=\"column\">\n\t\t\t<div class=\"elementor-widget-wrap elementor-element-populated\">\n\t\t\t\t\t\t\t\t<div class=\"elementor-element elementor-element-4019d74c elementor-widget elementor-widget-image\" data-id=\"4019d74c\" data-element_type=\"widget\" data-widget_type=\"image.default\">\n\t\t\t\t<div class=\"elementor-widget-container\">\n\t\t\t<style>\/*! elementor - v3.18.0 - 20-12-2023 *\/\n.elementor-widget-image{text-align:center}.elementor-widget-image a{display:inline-block}.elementor-widget-image a img[src$=\".svg\"]{width:48px}.elementor-widget-image img{vertical-align:middle;display:inline-block}<\/style>\t\t\t\t\t\t\t\t\t\t\t\t<img fetchpriority=\"high\" decoding=\"async\" width=\"768\" height=\"1024\" src=\"https:\/\/bellevue.bellevueong.org\/wp-content\/uploads\/2024\/01\/IMG-20230602-WA0015.jpg\" class=\"attachment-large size-large wp-image-3740\" alt=\"\" srcset=\"https:\/\/bellevue.bellevueong.org\/wp-content\/uploads\/2024\/01\/IMG-20230602-WA0015.jpg 768w, https:\/\/bellevue.bellevueong.org\/wp-content\/uploads\/2024\/01\/IMG-20230602-WA0015-225x300.jpg 225w\" sizes=\"(max-width: 768px) 100vw, 768px\" \/>\t\t\t\t\t\t\t\t\t\t\t\t\t\t\t<\/div>\n\t\t\t\t<\/div>\n\t\t\t\t\t<\/div>\n\t\t<\/div>\n\t\t\t\t\t\t\t<\/div>\n\t\t<\/section>\n\t\t\t\t<section class=\"has_eae_slider elementor-section elementor-top-section elementor-element elementor-element-15badd70 elementor-section-full_width elementor-section-height-min-height elementor-section-content-middle elementor-section-height-default elementor-section-items-middle\" data-id=\"15badd70\" data-element_type=\"section\" data-settings=\"{&quot;background_background&quot;:&quot;classic&quot;}\">\n\t\t\t\t\t\t<div class=\"elementor-container elementor-column-gap-default\">\n\t\t\t\t\t<div class=\"has_eae_slider elementor-column elementor-col-100 elementor-top-column elementor-element elementor-element-37da4186\" data-id=\"37da4186\" data-element_type=\"column\" data-settings=\"{&quot;background_background&quot;:&quot;classic&quot;}\">\n\t\t\t<div class=\"elementor-widget-wrap elementor-element-populated\">\n\t\t\t\t\t\t\t\t<div class=\"elementor-element elementor-element-517485de elementor-widget elementor-widget-heading\" data-id=\"517485de\" data-element_type=\"widget\" data-widget_type=\"heading.default\">\n\t\t\t\t<div class=\"elementor-widget-container\">\n\t\t\t<h2 class=\"elementor-heading-title elementor-size-default\">Faites un don <\/h2>\t\t<\/div>\n\t\t\t\t<\/div>\n\t\t\t\t<section class=\"has_eae_slider elementor-section elementor-inner-section elementor-element elementor-element-547ac123 elementor-section-height-min-height elementor-section-boxed elementor-section-height-default\" data-id=\"547ac123\" data-element_type=\"section\">\n\t\t\t\t\t\t<div class=\"elementor-container elementor-column-gap-default\">\n\t\t\t\t\t<div class=\"has_eae_slider elementor-column elementor-col-50 elementor-inner-column elementor-element elementor-element-522eb658\" data-id=\"522eb658\" data-element_type=\"column\">\n\t\t\t<div class=\"elementor-widget-wrap elementor-element-populated\">\n\t\t\t\t\t\t\t\t<div class=\"elementor-element elementor-element-640108e0 elementor-widget__width-initial elementor-widget elementor-widget-heading\" data-id=\"640108e0\" data-element_type=\"widget\" data-widget_type=\"heading.default\">\n\t\t\t\t<div class=\"elementor-widget-container\">\n\t\t\t<h2 class=\"elementor-heading-title elementor-size-default\">Je soutiens les actions de Bellevue ong<br> pour la protection de l'environnement.<\/h2>\t\t<\/div>\n\t\t\t\t<\/div>\n\t\t\t\t\t<\/div>\n\t\t<\/div>\n\t\t\t\t<div class=\"has_eae_slider elementor-column elementor-col-50 elementor-inner-column elementor-element elementor-element-792df50e\" data-id=\"792df50e\" data-element_type=\"column\">\n\t\t\t<div class=\"elementor-widget-wrap elementor-element-populated\">\n\t\t\t\t\t\t\t\t<div class=\"elementor-element elementor-element-63828203 elementor-widget elementor-widget-button\" data-id=\"63828203\" data-element_type=\"widget\" data-widget_type=\"button.default\">\n\t\t\t\t<div class=\"elementor-widget-container\">\n\t\t\t\t\t<div class=\"elementor-button-wrapper\">\n\t\t\t<a class=\"elementor-button elementor-button-link elementor-size-sm\" href=\"#\">\n\t\t\t\t\t\t<span class=\"elementor-button-content-wrapper\">\n\t\t\t\t\t\t<span class=\"elementor-button-text\">JE FAIS UN DON<\/span>\n\t\t<\/span>\n\t\t\t\t\t<\/a>\n\t\t<\/div>\n\t\t\t\t<\/div>\n\t\t\t\t<\/div>\n\t\t\t\t\t<\/div>\n\t\t<\/div>\n\t\t\t\t\t\t\t<\/div>\n\t\t<\/section>\n\t\t\t\t\t<\/div>\n\t\t<\/div>\n\t\t\t\t\t\t\t<\/div>\n\t\t<\/section>\n\t\t\t\t\t\t\t<\/div>\n\t\t","protected":false},"excerpt":{"rendered":"<p>Notre mission et nos objectifs Bellevue ONG a pour mission d&#8217;utiliser les approches transformationnelles en genre pour r\u00e9aliser les droits des enfants, des femmes et des autres couches d\u00e9favoris\u00e9es de la population, et ce dans un environnement sain et durable. Les objectifs sp\u00e9cifiques de Bellevue ONG sont\u00a0les suivants : soutenir les enfants dans le cadre [&hellip;]<\/p>\n","protected":false},"author":1,"featured_media":0,"parent":0,"menu_order":0,"comment_status":"closed","ping_status":"closed","template":"","meta":{"_uag_custom_page_level_css":"","site-sidebar-layout":"no-sidebar","site-content-layout":"page-builder","ast-site-content-layout":"full-width-container","site-content-style":"default","site-sidebar-style":"default","ast-global-header-display":"","ast-banner-title-visibility":"","ast-main-header-display":"","ast-hfb-above-header-display":"","ast-hfb-below-header-display":"","ast-hfb-mobile-header-display":"","site-post-title":"disabled","ast-breadcrumbs-content":"","ast-featured-img":"disabled","footer-sml-layout":"","theme-transparent-header-meta":"","adv-header-id-meta":"","stick-header-meta":"","header-above-stick-meta":"","header-main-stick-meta":"","header-below-stick-meta":"","astra-migrate-meta-layouts":"set","ast-page-background-enabled":"default","ast-page-background-meta":{"desktop":{"background-color":"","background-image":"","background-repeat":"repeat","background-position":"center center","background-size":"auto","background-attachment":"scroll","background-type":"","background-media":"","overlay-type":"","overlay-color":"","overlay-gradient":""},"tablet":{"background-color":"","background-image":"","background-repeat":"repeat","background-position":"center center","background-size":"auto","background-attachment":"scroll","background-type":"","background-media":"","overlay-type":"","overlay-color":"","overlay-gradient":""},"mobile":{"background-color":"","background-image":"","background-repeat":"repeat","background-position":"center center","background-size":"auto","background-attachment":"scroll","background-type":"","background-media":"","overlay-type":"","overlay-color":"","overlay-gradient":""}},"ast-content-background-meta":{"desktop":{"background-color":"var(--ast-global-color-5)","background-image":"","background-repeat":"repeat","background-position":"center center","background-size":"auto","background-attachment":"scroll","background-type":"","background-media":"","overlay-type":"","overlay-color":"","overlay-gradient":""},"tablet":{"background-color":"var(--ast-global-color-5)","background-image":"","background-repeat":"repeat","background-position":"center center","background-size":"auto","background-attachment":"scroll","background-type":"","background-media":"","overlay-type":"","overlay-color":"","overlay-gradient":""},"mobile":{"background-color":"var(--ast-global-color-5)","background-image":"","background-repeat":"repeat","background-position":"center center","background-size":"auto","background-attachment":"scroll","background-type":"","background-media":"","overlay-type":"","overlay-color":"","overlay-gradient":""}},"footnotes":""},"uagb_featured_image_src":{"full":false,"thumbnail":false,"medium":false,"medium_large":false,"large":false,"1536x1536":false,"2048x2048":false},"uagb_author_info":{"display_name":"salimane.issifou","author_link":"https:\/\/bellevue.bellevueong.org\/?author=1"},"uagb_comment_info":0,"uagb_excerpt":"Notre mission et nos objectifs Bellevue ONG a pour mission d&#8217;utiliser les approches transformationnelles en genre pour r\u00e9aliser les droits des enfants, des femmes et des autres couches d\u00e9favoris\u00e9es de la population, et ce dans un environnement sain et durable. Les objectifs sp\u00e9cifiques de Bellevue ONG sont\u00a0les suivants : soutenir les enfants dans le cadre&hellip;","_links":{"self":[{"href":"https:\/\/bellevue.bellevueong.org\/index.php?rest_route=\/wp\/v2\/pages\/3787"}],"collection":[{"href":"https:\/\/bellevue.bellevueong.org\/index.php?rest_route=\/wp\/v2\/pages"}],"about":[{"href":"https:\/\/bellevue.bellevueong.org\/index.php?rest_route=\/wp\/v2\/types\/page"}],"author":[{"embeddable":true,"href":"https:\/\/bellevue.bellevueong.org\/index.php?rest_route=\/wp\/v2\/users\/1"}],"replies":[{"embeddable":true,"href":"https:\/\/bellevue.bellevueong.org\/index.php?rest_route=%2Fwp%2Fv2%2Fcomments&post=3787"}],"version-history":[{"count":4,"href":"https:\/\/bellevue.bellevueong.org\/index.php?rest_route=\/wp\/v2\/pages\/3787\/revisions"}],"predecessor-version":[{"id":3792,"href":"https:\/\/bellevue.bellevueong.org\/index.php?rest_route=\/wp\/v2\/pages\/3787\/revisions\/3792"}],"wp:attachment":[{"href":"https:\/\/bellevue.bellevueong.org\/index.php?rest_route=%2Fwp%2Fv2%2Fmedia&parent=3787"}],"curies":[{"name":"wp","href":"https:\/\/api.w.org\/{rel}","templated":true}]}}